{"id":4131,"date":"2024-05-22T09:35:47","date_gmt":"2024-05-22T08:35:47","guid":{"rendered":"https:\/\/zumaianbai.eus\/ezagutu\/"},"modified":"2025-05-21T10:12:39","modified_gmt":"2025-05-21T09:12:39","slug":"conocenos","status":"publish","type":"page","link":"https:\/\/zumaianbai.eus\/es\/conocenos\/","title":{"rendered":"Come<br> Compra<br> Regala<br> Diviertete<br> en Zumaian"},"content":{"rendered":"<p>ZumaianBai es la plataforma virtual que re\u00fane toda la informaci\u00f3n sobre los comercios, bares y servicios de Zumaia. Creado en el a\u00f1o 2022 por el Ayuntamiento de Zumaia y la Asociaci\u00f3n de Comerciantes y Hosteleros de Zumaia GERTU para dar a conocer a los ciudadanos la amplia oferta local.<\/p>\n<p>En este escaparate virtual podr\u00e1s encontrar todo tipo de informaci\u00f3n sobre los establecimientos locales; gu\u00eda completa de tiendas y servicios, fotos, productos, posibilidad de contactar con ellos, posibilidad de comprar online sus productos, etc.<\/p>\n<p>Y <a href=\"https:\/\/zumaianbai.eus\/es\/noticias\/\"> nuestro apartado de noticias<\/a> te permitir\u00e1 descubrir ideas de regalo y planes basados en la oferta local, adem\u00e1s de otras noticias de inter\u00e9s.<\/p>\n<p>&nbsp;<\/p>\n","protected":false},"excerpt":{"rendered":"<p>ZumaianBai es la plataforma virtual que re\u00fane toda la informaci\u00f3n sobre los comercios, bares y servicios de Zumaia. Creado en el a\u00f1o 2022 por el Ayuntamiento de Zumaia y la Asociaci\u00f3n de Comerciantes y Hosteleros de Zumaia GERTU para dar a conocer a los ciudadanos la amplia oferta local. En este escaparate virtual podr\u00e1s encontrar [&hellip;]<\/p>\n","protected":false},"author":2,"featured_media":0,"parent":0,"menu_order":0,"comment_status":"closed","ping_status":"closed","template":"template-ezagutu.php","meta":{"_acf_changed":false,"footnotes":""},"class_list":["post-4131","page","type-page","status-publish","hentry"],"acf":[],"yoast_head":"<!-- This site is optimized with the Yoast SEO plugin v25.1 - https:\/\/yoast.com\/wordpress\/plugins\/seo\/ -->\n<title>Come Compra Regala Diviertete en Zumaian - Zumaian Bai<\/title>\n<meta name=\"robots\" content=\"index, follow, max-snippet:-1, max-image-preview:large, max-video-preview:-1\" \/>\n<link rel=\"canonical\" href=\"https:\/\/zumaianbai.eus\/es\/conocenos\/\" \/>\n<meta property=\"og:locale\" content=\"es_ES\" \/>\n<meta property=\"og:type\" content=\"article\" \/>\n<meta property=\"og:title\" content=\"Come Compra Regala Diviertete en Zumaian - Zumaian Bai\" \/>\n<meta property=\"og:description\" content=\"ZumaianBai es la plataforma virtual que re\u00fane toda la informaci\u00f3n sobre los comercios, bares y servicios de Zumaia. Creado en el a\u00f1o 2022 por el Ayuntamiento de Zumaia y la Asociaci\u00f3n de Comerciantes y Hosteleros de Zumaia GERTU para dar a conocer a los ciudadanos la amplia oferta local. En este escaparate virtual podr\u00e1s encontrar [&hellip;]\" \/>\n<meta property=\"og:url\" content=\"https:\/\/zumaianbai.eus\/es\/conocenos\/\" \/>\n<meta property=\"og:site_name\" content=\"Zumaian Bai\" \/>\n<meta property=\"article:modified_time\" content=\"2025-05-21T09:12:39+00:00\" \/>\n<meta name=\"twitter:card\" content=\"summary_large_image\" \/>\n<meta name=\"twitter:label1\" content=\"Tiempo de lectura\" \/>\n\t<meta name=\"twitter:data1\" content=\"1 minuto\" \/>\n<script type=\"application\/ld+json\" class=\"yoast-schema-graph\">{\"@context\":\"https:\/\/schema.org\",\"@graph\":[{\"@type\":\"WebPage\",\"@id\":\"https:\/\/zumaianbai.eus\/es\/conocenos\/\",\"url\":\"https:\/\/zumaianbai.eus\/es\/conocenos\/\",\"name\":\"Come Compra Regala Diviertete en Zumaian - Zumaian Bai\",\"isPartOf\":{\"@id\":\"https:\/\/zumaianbai.eus\/es\/#website\"},\"datePublished\":\"2024-05-22T08:35:47+00:00\",\"dateModified\":\"2025-05-21T09:12:39+00:00\",\"breadcrumb\":{\"@id\":\"https:\/\/zumaianbai.eus\/es\/conocenos\/#breadcrumb\"},\"inLanguage\":\"es\",\"potentialAction\":[{\"@type\":\"ReadAction\",\"target\":[\"https:\/\/zumaianbai.eus\/es\/conocenos\/\"]}]},{\"@type\":\"BreadcrumbList\",\"@id\":\"https:\/\/zumaianbai.eus\/es\/conocenos\/#breadcrumb\",\"itemListElement\":[{\"@type\":\"ListItem\",\"position\":1,\"name\":\"Portada\",\"item\":\"https:\/\/zumaianbai.eus\/es\/\"},{\"@type\":\"ListItem\",\"position\":2,\"name\":\"Come Compra Regala Diviertete en Zumaian\"}]},{\"@type\":\"WebSite\",\"@id\":\"https:\/\/zumaianbai.eus\/es\/#website\",\"url\":\"https:\/\/zumaianbai.eus\/es\/\",\"name\":\"Zumaian Bai\",\"description\":\"Zure erosketak Zumaian\",\"publisher\":{\"@id\":\"https:\/\/zumaianbai.eus\/es\/#organization\"},\"potentialAction\":[{\"@type\":\"SearchAction\",\"target\":{\"@type\":\"EntryPoint\",\"urlTemplate\":\"https:\/\/zumaianbai.eus\/es\/?s={search_term_string}\"},\"query-input\":{\"@type\":\"PropertyValueSpecification\",\"valueRequired\":true,\"valueName\":\"search_term_string\"}}],\"inLanguage\":\"es\"},{\"@type\":\"Organization\",\"@id\":\"https:\/\/zumaianbai.eus\/es\/#organization\",\"name\":\"Zumaian Bai\",\"url\":\"https:\/\/zumaianbai.eus\/es\/\",\"logo\":{\"@type\":\"ImageObject\",\"inLanguage\":\"es\",\"@id\":\"https:\/\/zumaianbai.eus\/es\/#\/schema\/logo\/image\/\",\"url\":\"https:\/\/zumaianbai.eus\/wp-content\/uploads\/2024\/06\/zumaianbai_logoa.png\",\"contentUrl\":\"https:\/\/zumaianbai.eus\/wp-content\/uploads\/2024\/06\/zumaianbai_logoa.png\",\"width\":230,\"height\":31,\"caption\":\"Zumaian Bai\"},\"image\":{\"@id\":\"https:\/\/zumaianbai.eus\/es\/#\/schema\/logo\/image\/\"}}]}<\/script>\n<!-- \/ Yoast SEO plugin. -->","yoast_head_json":{"title":"Come Compra Regala Diviertete en Zumaian - Zumaian Bai","robots":{"index":"index","follow":"follow","max-snippet":"max-snippet:-1","max-image-preview":"max-image-preview:large","max-video-preview":"max-video-preview:-1"},"canonical":"https:\/\/zumaianbai.eus\/es\/conocenos\/","og_locale":"es_ES","og_type":"article","og_title":"Come Compra Regala Diviertete en Zumaian - Zumaian Bai","og_description":"ZumaianBai es la plataforma virtual que re\u00fane toda la informaci\u00f3n sobre los comercios, bares y servicios de Zumaia. Creado en el a\u00f1o 2022 por el Ayuntamiento de Zumaia y la Asociaci\u00f3n de Comerciantes y Hosteleros de Zumaia GERTU para dar a conocer a los ciudadanos la amplia oferta local. En este escaparate virtual podr\u00e1s encontrar [&hellip;]","og_url":"https:\/\/zumaianbai.eus\/es\/conocenos\/","og_site_name":"Zumaian Bai","article_modified_time":"2025-05-21T09:12:39+00:00","twitter_card":"summary_large_image","twitter_misc":{"Tiempo de lectura":"1 minuto"},"schema":{"@context":"https:\/\/schema.org","@graph":[{"@type":"WebPage","@id":"https:\/\/zumaianbai.eus\/es\/conocenos\/","url":"https:\/\/zumaianbai.eus\/es\/conocenos\/","name":"Come Compra Regala Diviertete en Zumaian - Zumaian Bai","isPartOf":{"@id":"https:\/\/zumaianbai.eus\/es\/#website"},"datePublished":"2024-05-22T08:35:47+00:00","dateModified":"2025-05-21T09:12:39+00:00","breadcrumb":{"@id":"https:\/\/zumaianbai.eus\/es\/conocenos\/#breadcrumb"},"inLanguage":"es","potentialAction":[{"@type":"ReadAction","target":["https:\/\/zumaianbai.eus\/es\/conocenos\/"]}]},{"@type":"BreadcrumbList","@id":"https:\/\/zumaianbai.eus\/es\/conocenos\/#breadcrumb","itemListElement":[{"@type":"ListItem","position":1,"name":"Portada","item":"https:\/\/zumaianbai.eus\/es\/"},{"@type":"ListItem","position":2,"name":"Come Compra Regala Diviertete en Zumaian"}]},{"@type":"WebSite","@id":"https:\/\/zumaianbai.eus\/es\/#website","url":"https:\/\/zumaianbai.eus\/es\/","name":"Zumaian Bai","description":"Zure erosketak Zumaian","publisher":{"@id":"https:\/\/zumaianbai.eus\/es\/#organization"},"potentialAction":[{"@type":"SearchAction","target":{"@type":"EntryPoint","urlTemplate":"https:\/\/zumaianbai.eus\/es\/?s={search_term_string}"},"query-input":{"@type":"PropertyValueSpecification","valueRequired":true,"valueName":"search_term_string"}}],"inLanguage":"es"},{"@type":"Organization","@id":"https:\/\/zumaianbai.eus\/es\/#organization","name":"Zumaian Bai","url":"https:\/\/zumaianbai.eus\/es\/","logo":{"@type":"ImageObject","inLanguage":"es","@id":"https:\/\/zumaianbai.eus\/es\/#\/schema\/logo\/image\/","url":"https:\/\/zumaianbai.eus\/wp-content\/uploads\/2024\/06\/zumaianbai_logoa.png","contentUrl":"https:\/\/zumaianbai.eus\/wp-content\/uploads\/2024\/06\/zumaianbai_logoa.png","width":230,"height":31,"caption":"Zumaian Bai"},"image":{"@id":"https:\/\/zumaianbai.eus\/es\/#\/schema\/logo\/image\/"}}]}},"_links":{"self":[{"href":"https:\/\/zumaianbai.eus\/es\/wp-json\/wp\/v2\/pages\/4131","targetHints":{"allow":["GET"]}}],"collection":[{"href":"https:\/\/zumaianbai.eus\/es\/wp-json\/wp\/v2\/pages"}],"about":[{"href":"https:\/\/zumaianbai.eus\/es\/wp-json\/wp\/v2\/types\/page"}],"author":[{"embeddable":true,"href":"https:\/\/zumaianbai.eus\/es\/wp-json\/wp\/v2\/users\/2"}],"replies":[{"embeddable":true,"href":"https:\/\/zumaianbai.eus\/es\/wp-json\/wp\/v2\/comments?post=4131"}],"version-history":[{"count":2,"href":"https:\/\/zumaianbai.eus\/es\/wp-json\/wp\/v2\/pages\/4131\/revisions"}],"predecessor-version":[{"id":4158,"href":"https:\/\/zumaianbai.eus\/es\/wp-json\/wp\/v2\/pages\/4131\/revisions\/4158"}],"wp:attachment":[{"href":"https:\/\/zumaianbai.eus\/es\/wp-json\/wp\/v2\/media?parent=4131"}],"curies":[{"name":"wp","href":"https:\/\/api.w.org\/{rel}","templated":true}]}}